{"id":893,"date":"2020-12-02T19:32:50","date_gmt":"2020-12-02T18:32:50","guid":{"rendered":"http:\/\/blaskapelle-reelsen.de\/?page_id=893"},"modified":"2022-12-29T13:14:59","modified_gmt":"2022-12-29T12:14:59","slug":"23-dezember","status":"publish","type":"page","link":"https:\/\/blaskapelle-reelsen.de\/index.php\/23-dezember\/","title":{"rendered":"23. Dezember"},"content":{"rendered":"\n<p>Willkommen beim digitalen Adventskalender der Blaskapelle Reelsen.<\/p>\n\n\n\n<p class=\"has-text-align-center\"><strong>Einmal werden wir noch wach &#8230;<\/strong><\/p>\n\n\n\n<p class=\"has-text-align-center\"><strong>Bald ist Weihnachten!<\/strong><\/p>\n\n\n<div class=\"wp-block-image\">\n<figure class=\"aligncenter size-large is-resized\"><img loading=\"lazy\" decoding=\"async\" src=\"https:\/\/blaskapelle-reelsen.de\/wordpress\/wp-content\/uploads\/2020\/12\/IMG_20201222_220759_kopie-820x1024.jpg\" alt=\"\" class=\"wp-image-1237\" width=\"259\" height=\"323\" srcset=\"https:\/\/blaskapelle-reelsen.de\/wordpress\/wp-content\/uploads\/2020\/12\/IMG_20201222_220759_kopie-820x1024.jpg 820w, https:\/\/blaskapelle-reelsen.de\/wordpress\/wp-content\/uploads\/2020\/12\/IMG_20201222_220759_kopie-240x300.jpg 240w, https:\/\/blaskapelle-reelsen.de\/wordpress\/wp-content\/uploads\/2020\/12\/IMG_20201222_220759_kopie-768x959.jpg 768w, https:\/\/blaskapelle-reelsen.de\/wordpress\/wp-content\/uploads\/2020\/12\/IMG_20201222_220759_kopie-1230x1536.jpg 1230w, https:\/\/blaskapelle-reelsen.de\/wordpress\/wp-content\/uploads\/2020\/12\/IMG_20201222_220759_kopie-1639x2048.jpg 1639w\" sizes=\"auto, (max-width: 259px) 100vw, 259px\" \/><\/figure>\n<\/div>\n\n\n<p>Heute wird das vorletzte T\u00fcrchen ge\u00f6ffnet und da haben wir nochmal etwas ganz Besonderes f\u00fcr euch.<\/p>\n\n\n\n<p>Wie ihr in den letzten 22 Tagen bestimmt gemerkt habt, lieben wir St\u00fccke mit Gesang und sind total stolz auf unsere S\u00e4ngerinnen. Deswegen verbirgt sich hinter T\u00fcrchen 23 das \u201eHallelujah\u201c von Leonard Cohen \u2013 gesungen von Nadine, Lena, Franzi &amp; Jule \u2013 ein echter G\u00e4nsehautmomet \ud83d\ude0a<\/p>\n\n\n\n<p><\/p>\n\n\n\n<figure class=\"wp-block-video\"><video height=\"768\" style=\"aspect-ratio: 1360 \/ 768;\" width=\"1360\" controls src=\"https:\/\/blaskapelle-reelsen.de\/wordpress\/wp-content\/uploads\/2020\/12\/Tuerchen-23_komp.mp4\"><\/video><\/figure>\n\n\n\n<p><\/p>\n\n\n\n<p>Nat\u00fcrlich m\u00f6chten wir uns, wo wir morgen leider schon das letzte T\u00fcrchen \u00f6ffnen, noch bedanken.<\/p>\n\n\n\n<p>DANKE an EUCH alle, ohne die dieser Kalender gar nicht h\u00e4tte entstehen k\u00f6nnen. W\u00fcrdet ihr nicht immer so flei\u00dfig unsere Konzerte &amp; Auftritte besuchen und dabei das ein oder andere Video &amp; Foto entstehen lassen, h\u00e4tten wir diese sch\u00f6nen Aufnahmen nicht.<\/p>\n\n\n\n<p>Ein GROSSES DANKESCH\u00d6N an Kathi, die die Idee zu diesem musikalischen Adventskalenders hatte, die die Videos bearbeitet, die Texte vorbereitet und die Beitr\u00e4ge auf Facebook gepostet hat. \ud83d\ude0a<\/p>\n\n\n<h1 style=\"text-align: center;\"><strong>Applaus f\u00fcr Kathi!!!<\/strong><\/h1>\n<h1 style=\"text-align: center;\"><img loading=\"lazy\" decoding=\"async\" class=\"alignnone  wp-image-1160\" src=\"https:\/\/blaskapelle-reelsen.de\/wordpress\/wp-content\/uploads\/2020\/12\/klatschende-haende.jpg\" alt=\"\" width=\"74\" height=\"79\">&nbsp; &nbsp; &nbsp; &nbsp; &nbsp; &nbsp; &nbsp; &nbsp;<img loading=\"lazy\" decoding=\"async\" class=\"alignnone  wp-image-1160\" src=\"https:\/\/blaskapelle-reelsen.de\/wordpress\/wp-content\/uploads\/2020\/12\/klatschende-haende.jpg\" alt=\"\" width=\"74\" height=\"79\">&nbsp; &nbsp; &nbsp; &nbsp; &nbsp; &nbsp; &nbsp; &nbsp;<img loading=\"lazy\" decoding=\"async\" class=\"alignnone  wp-image-1160\" src=\"https:\/\/blaskapelle-reelsen.de\/wordpress\/wp-content\/uploads\/2020\/12\/klatschende-haende.jpg\" alt=\"\" width=\"74\" height=\"79\"><\/h1>\n<audio class=\"wp-audio-shortcode\" id=\"audio-893-1\" preload=\"none\" style=\"width: 100%;\" controls=\"controls\"><source type=\"audio\/mpeg\" src=\"https:\/\/blaskapelle-reelsen.de\/wordpress\/wp-content\/uploads\/2020\/12\/2-1-10001.mp3?_=1\" \/><a href=\"https:\/\/blaskapelle-reelsen.de\/wordpress\/wp-content\/uploads\/2020\/12\/2-1-10001.mp3\">https:\/\/blaskapelle-reelsen.de\/wordpress\/wp-content\/uploads\/2020\/12\/2-1-10001.mp3<\/a><\/audio>","protected":false},"excerpt":{"rendered":"<p>Willkommen beim digitalen Adventskalender der Blaskapelle Reelsen. Einmal werden wir noch wach &#8230; Bald ist Weihnachten! Heute wird das vorletzte T\u00fcrchen ge\u00f6ffnet und da haben wir nochmal etwas ganz Besonderes f\u00fcr euch. Wie ihr in den letzten 22 Tagen bestimmt gemerkt habt, lieben wir St\u00fccke mit Gesang und sind total stolz auf unsere S\u00e4ngerinnen. Deswegen &hellip; <\/p>\n<p class=\"link-more\"><a href=\"https:\/\/blaskapelle-reelsen.de\/index.php\/23-dezember\/\" class=\"more-link\"><span class=\"screen-reader-text\">\u201e23. Dezember\u201c <\/span>weiterlesen<\/a><\/p>\n","protected":false},"author":1,"featured_media":0,"parent":0,"menu_order":0,"comment_status":"closed","ping_status":"closed","template":"","meta":{"footnotes":""},"class_list":["post-893","page","type-page","status-publish","hentry"],"yoast_head":"<!-- This site is optimized with the Yoast SEO plugin v27.6 - https:\/\/yoast.com\/product\/yoast-seo-wordpress\/ -->\n<title>23. Dezember - Blaskapelle Reelsen e.V.<\/title>\n<meta name=\"robots\" content=\"index, follow, max-snippet:-1, max-image-preview:large, max-video-preview:-1\" \/>\n<link rel=\"canonical\" href=\"https:\/\/blaskapelle-reelsen.de\/index.php\/23-dezember\/\" \/>\n<meta property=\"og:locale\" content=\"de_DE\" \/>\n<meta property=\"og:type\" content=\"article\" \/>\n<meta property=\"og:title\" content=\"23. Dezember - Blaskapelle Reelsen e.V.\" \/>\n<meta property=\"og:description\" content=\"Willkommen beim digitalen Adventskalender der Blaskapelle Reelsen. Einmal werden wir noch wach &#8230; Bald ist Weihnachten! Heute wird das vorletzte T\u00fcrchen ge\u00f6ffnet und da haben wir nochmal etwas ganz Besonderes f\u00fcr euch. Wie ihr in den letzten 22 Tagen bestimmt gemerkt habt, lieben wir St\u00fccke mit Gesang und sind total stolz auf unsere S\u00e4ngerinnen. Deswegen &hellip; \u201e23. Dezember\u201c weiterlesen\" \/>\n<meta property=\"og:url\" content=\"https:\/\/blaskapelle-reelsen.de\/index.php\/23-dezember\/\" \/>\n<meta property=\"og:site_name\" content=\"Blaskapelle Reelsen e.V.\" \/>\n<meta property=\"article:modified_time\" content=\"2022-12-29T12:14:59+00:00\" \/>\n<meta property=\"og:image\" content=\"https:\/\/blaskapelle-reelsen.de\/wordpress\/wp-content\/uploads\/2020\/12\/IMG_20201222_220759_kopie-820x1024.jpg\" \/>\n<meta name=\"twitter:card\" content=\"summary_large_image\" \/>\n<meta name=\"twitter:label1\" content=\"Gesch\u00e4tzte Lesezeit\" \/>\n\t<meta name=\"twitter:data1\" content=\"2\u00a0Minuten\" \/>\n<script type=\"application\/ld+json\" class=\"yoast-schema-graph\">{\"@context\":\"https:\\\/\\\/schema.org\",\"@graph\":[{\"@type\":\"WebPage\",\"@id\":\"https:\\\/\\\/blaskapelle-reelsen.de\\\/index.php\\\/23-dezember\\\/\",\"url\":\"https:\\\/\\\/blaskapelle-reelsen.de\\\/index.php\\\/23-dezember\\\/\",\"name\":\"23. Dezember - Blaskapelle Reelsen e.V.\",\"isPartOf\":{\"@id\":\"https:\\\/\\\/blaskapelle-reelsen.de\\\/#website\"},\"primaryImageOfPage\":{\"@id\":\"https:\\\/\\\/blaskapelle-reelsen.de\\\/index.php\\\/23-dezember\\\/#primaryimage\"},\"image\":{\"@id\":\"https:\\\/\\\/blaskapelle-reelsen.de\\\/index.php\\\/23-dezember\\\/#primaryimage\"},\"thumbnailUrl\":\"https:\\\/\\\/blaskapelle-reelsen.de\\\/wordpress\\\/wp-content\\\/uploads\\\/2020\\\/12\\\/IMG_20201222_220759_kopie-820x1024.jpg\",\"datePublished\":\"2020-12-02T18:32:50+00:00\",\"dateModified\":\"2022-12-29T12:14:59+00:00\",\"breadcrumb\":{\"@id\":\"https:\\\/\\\/blaskapelle-reelsen.de\\\/index.php\\\/23-dezember\\\/#breadcrumb\"},\"inLanguage\":\"de\",\"potentialAction\":[{\"@type\":\"ReadAction\",\"target\":[\"https:\\\/\\\/blaskapelle-reelsen.de\\\/index.php\\\/23-dezember\\\/\"]}]},{\"@type\":\"ImageObject\",\"inLanguage\":\"de\",\"@id\":\"https:\\\/\\\/blaskapelle-reelsen.de\\\/index.php\\\/23-dezember\\\/#primaryimage\",\"url\":\"https:\\\/\\\/blaskapelle-reelsen.de\\\/wordpress\\\/wp-content\\\/uploads\\\/2020\\\/12\\\/IMG_20201222_220759_kopie-820x1024.jpg\",\"contentUrl\":\"https:\\\/\\\/blaskapelle-reelsen.de\\\/wordpress\\\/wp-content\\\/uploads\\\/2020\\\/12\\\/IMG_20201222_220759_kopie-820x1024.jpg\"},{\"@type\":\"BreadcrumbList\",\"@id\":\"https:\\\/\\\/blaskapelle-reelsen.de\\\/index.php\\\/23-dezember\\\/#breadcrumb\",\"itemListElement\":[{\"@type\":\"ListItem\",\"position\":1,\"name\":\"Home\",\"item\":\"https:\\\/\\\/blaskapelle-reelsen.de\\\/\"},{\"@type\":\"ListItem\",\"position\":2,\"name\":\"23. Dezember\"}]},{\"@type\":\"WebSite\",\"@id\":\"https:\\\/\\\/blaskapelle-reelsen.de\\\/#website\",\"url\":\"https:\\\/\\\/blaskapelle-reelsen.de\\\/\",\"name\":\"Blaskapelle Reelsen e.V.\",\"description\":\"wir l(i)eben Blasmusik - seit 1975\",\"publisher\":{\"@id\":\"https:\\\/\\\/blaskapelle-reelsen.de\\\/#organization\"},\"potentialAction\":[{\"@type\":\"SearchAction\",\"target\":{\"@type\":\"EntryPoint\",\"urlTemplate\":\"https:\\\/\\\/blaskapelle-reelsen.de\\\/?s={search_term_string}\"},\"query-input\":{\"@type\":\"PropertyValueSpecification\",\"valueRequired\":true,\"valueName\":\"search_term_string\"}}],\"inLanguage\":\"de\"},{\"@type\":\"Organization\",\"@id\":\"https:\\\/\\\/blaskapelle-reelsen.de\\\/#organization\",\"name\":\"Blaskapelle Reelsen e.V.\",\"url\":\"https:\\\/\\\/blaskapelle-reelsen.de\\\/\",\"logo\":{\"@type\":\"ImageObject\",\"inLanguage\":\"de\",\"@id\":\"https:\\\/\\\/blaskapelle-reelsen.de\\\/#\\\/schema\\\/logo\\\/image\\\/\",\"url\":\"https:\\\/\\\/blaskapelle-reelsen.de\\\/wordpress\\\/wp-content\\\/uploads\\\/2025\\\/03\\\/cropped-wappen-final.png\",\"contentUrl\":\"https:\\\/\\\/blaskapelle-reelsen.de\\\/wordpress\\\/wp-content\\\/uploads\\\/2025\\\/03\\\/cropped-wappen-final.png\",\"width\":184,\"height\":250,\"caption\":\"Blaskapelle Reelsen e.V.\"},\"image\":{\"@id\":\"https:\\\/\\\/blaskapelle-reelsen.de\\\/#\\\/schema\\\/logo\\\/image\\\/\"}}]}<\/script>\n<!-- \/ Yoast SEO plugin. -->","yoast_head_json":{"title":"23. Dezember - Blaskapelle Reelsen e.V.","robots":{"index":"index","follow":"follow","max-snippet":"max-snippet:-1","max-image-preview":"max-image-preview:large","max-video-preview":"max-video-preview:-1"},"canonical":"https:\/\/blaskapelle-reelsen.de\/index.php\/23-dezember\/","og_locale":"de_DE","og_type":"article","og_title":"23. Dezember - Blaskapelle Reelsen e.V.","og_description":"Willkommen beim digitalen Adventskalender der Blaskapelle Reelsen. Einmal werden wir noch wach &#8230; Bald ist Weihnachten! Heute wird das vorletzte T\u00fcrchen ge\u00f6ffnet und da haben wir nochmal etwas ganz Besonderes f\u00fcr euch. Wie ihr in den letzten 22 Tagen bestimmt gemerkt habt, lieben wir St\u00fccke mit Gesang und sind total stolz auf unsere S\u00e4ngerinnen. Deswegen &hellip; \u201e23. Dezember\u201c weiterlesen","og_url":"https:\/\/blaskapelle-reelsen.de\/index.php\/23-dezember\/","og_site_name":"Blaskapelle Reelsen e.V.","article_modified_time":"2022-12-29T12:14:59+00:00","og_image":[{"url":"https:\/\/blaskapelle-reelsen.de\/wordpress\/wp-content\/uploads\/2020\/12\/IMG_20201222_220759_kopie-820x1024.jpg","type":"","width":"","height":""}],"twitter_card":"summary_large_image","twitter_misc":{"Gesch\u00e4tzte Lesezeit":"2\u00a0Minuten"},"schema":{"@context":"https:\/\/schema.org","@graph":[{"@type":"WebPage","@id":"https:\/\/blaskapelle-reelsen.de\/index.php\/23-dezember\/","url":"https:\/\/blaskapelle-reelsen.de\/index.php\/23-dezember\/","name":"23. Dezember - Blaskapelle Reelsen e.V.","isPartOf":{"@id":"https:\/\/blaskapelle-reelsen.de\/#website"},"primaryImageOfPage":{"@id":"https:\/\/blaskapelle-reelsen.de\/index.php\/23-dezember\/#primaryimage"},"image":{"@id":"https:\/\/blaskapelle-reelsen.de\/index.php\/23-dezember\/#primaryimage"},"thumbnailUrl":"https:\/\/blaskapelle-reelsen.de\/wordpress\/wp-content\/uploads\/2020\/12\/IMG_20201222_220759_kopie-820x1024.jpg","datePublished":"2020-12-02T18:32:50+00:00","dateModified":"2022-12-29T12:14:59+00:00","breadcrumb":{"@id":"https:\/\/blaskapelle-reelsen.de\/index.php\/23-dezember\/#breadcrumb"},"inLanguage":"de","potentialAction":[{"@type":"ReadAction","target":["https:\/\/blaskapelle-reelsen.de\/index.php\/23-dezember\/"]}]},{"@type":"ImageObject","inLanguage":"de","@id":"https:\/\/blaskapelle-reelsen.de\/index.php\/23-dezember\/#primaryimage","url":"https:\/\/blaskapelle-reelsen.de\/wordpress\/wp-content\/uploads\/2020\/12\/IMG_20201222_220759_kopie-820x1024.jpg","contentUrl":"https:\/\/blaskapelle-reelsen.de\/wordpress\/wp-content\/uploads\/2020\/12\/IMG_20201222_220759_kopie-820x1024.jpg"},{"@type":"BreadcrumbList","@id":"https:\/\/blaskapelle-reelsen.de\/index.php\/23-dezember\/#breadcrumb","itemListElement":[{"@type":"ListItem","position":1,"name":"Home","item":"https:\/\/blaskapelle-reelsen.de\/"},{"@type":"ListItem","position":2,"name":"23. Dezember"}]},{"@type":"WebSite","@id":"https:\/\/blaskapelle-reelsen.de\/#website","url":"https:\/\/blaskapelle-reelsen.de\/","name":"Blaskapelle Reelsen e.V.","description":"wir l(i)eben Blasmusik - seit 1975","publisher":{"@id":"https:\/\/blaskapelle-reelsen.de\/#organization"},"potentialAction":[{"@type":"SearchAction","target":{"@type":"EntryPoint","urlTemplate":"https:\/\/blaskapelle-reelsen.de\/?s={search_term_string}"},"query-input":{"@type":"PropertyValueSpecification","valueRequired":true,"valueName":"search_term_string"}}],"inLanguage":"de"},{"@type":"Organization","@id":"https:\/\/blaskapelle-reelsen.de\/#organization","name":"Blaskapelle Reelsen e.V.","url":"https:\/\/blaskapelle-reelsen.de\/","logo":{"@type":"ImageObject","inLanguage":"de","@id":"https:\/\/blaskapelle-reelsen.de\/#\/schema\/logo\/image\/","url":"https:\/\/blaskapelle-reelsen.de\/wordpress\/wp-content\/uploads\/2025\/03\/cropped-wappen-final.png","contentUrl":"https:\/\/blaskapelle-reelsen.de\/wordpress\/wp-content\/uploads\/2025\/03\/cropped-wappen-final.png","width":184,"height":250,"caption":"Blaskapelle Reelsen e.V."},"image":{"@id":"https:\/\/blaskapelle-reelsen.de\/#\/schema\/logo\/image\/"}}]}},"_links":{"self":[{"href":"https:\/\/blaskapelle-reelsen.de\/index.php\/wp-json\/wp\/v2\/pages\/893","targetHints":{"allow":["GET"]}}],"collection":[{"href":"https:\/\/blaskapelle-reelsen.de\/index.php\/wp-json\/wp\/v2\/pages"}],"about":[{"href":"https:\/\/blaskapelle-reelsen.de\/index.php\/wp-json\/wp\/v2\/types\/page"}],"author":[{"embeddable":true,"href":"https:\/\/blaskapelle-reelsen.de\/index.php\/wp-json\/wp\/v2\/users\/1"}],"replies":[{"embeddable":true,"href":"https:\/\/blaskapelle-reelsen.de\/index.php\/wp-json\/wp\/v2\/comments?post=893"}],"version-history":[{"count":21,"href":"https:\/\/blaskapelle-reelsen.de\/index.php\/wp-json\/wp\/v2\/pages\/893\/revisions"}],"predecessor-version":[{"id":1760,"href":"https:\/\/blaskapelle-reelsen.de\/index.php\/wp-json\/wp\/v2\/pages\/893\/revisions\/1760"}],"wp:attachment":[{"href":"https:\/\/blaskapelle-reelsen.de\/index.php\/wp-json\/wp\/v2\/media?parent=893"}],"curies":[{"name":"wp","href":"https:\/\/api.w.org\/{rel}","templated":true}]}}