{"id":891,"date":"2020-12-02T19:32:11","date_gmt":"2020-12-02T18:32:11","guid":{"rendered":"http:\/\/blaskapelle-reelsen.de\/?page_id=891"},"modified":"2022-12-29T13:15:15","modified_gmt":"2022-12-29T12:15:15","slug":"24-dezember","status":"publish","type":"page","link":"https:\/\/blaskapelle-reelsen.de\/index.php\/24-dezember\/","title":{"rendered":"24. Dezember"},"content":{"rendered":"\n<p>Willkommen beim digitalen Adventskalender der Blaskapelle Reelsen.<\/p>\n\n\n\n<p class=\"has-text-align-center\"><strong>Weihnachten!<\/strong><\/p>\n\n\n<div class=\"wp-block-image\">\n<figure class=\"aligncenter size-large\"><img loading=\"lazy\" decoding=\"async\" width=\"1024\" height=\"505\" src=\"https:\/\/blaskapelle-reelsen.de\/wordpress\/wp-content\/uploads\/2020\/12\/IMG_20201214_195927-1024x505.jpg\" alt=\"\" class=\"wp-image-1173\" srcset=\"https:\/\/blaskapelle-reelsen.de\/wordpress\/wp-content\/uploads\/2020\/12\/IMG_20201214_195927-1024x505.jpg 1024w, https:\/\/blaskapelle-reelsen.de\/wordpress\/wp-content\/uploads\/2020\/12\/IMG_20201214_195927-300x148.jpg 300w, https:\/\/blaskapelle-reelsen.de\/wordpress\/wp-content\/uploads\/2020\/12\/IMG_20201214_195927-768x379.jpg 768w, https:\/\/blaskapelle-reelsen.de\/wordpress\/wp-content\/uploads\/2020\/12\/IMG_20201214_195927-1536x757.jpg 1536w, https:\/\/blaskapelle-reelsen.de\/wordpress\/wp-content\/uploads\/2020\/12\/IMG_20201214_195927-2048x1010.jpg 2048w\" sizes=\"auto, (max-width: 767px) 89vw, (max-width: 1000px) 54vw, (max-width: 1071px) 543px, 580px\" \/><figcaption class=\"wp-element-caption\">Aussenkrippe an der Kirche in Reelsen <\/figcaption><\/figure>\n<\/div>\n\n\n<p>Hinter unserem letzten T\u00fcrchen verbirgt sich eine echte Tradition \u2013 und zwar das gemeinsame Weihnachtsliedersingen mit Euch auf unseren Weihnachtskonzerten. Ihr k\u00f6nnt Euch nicht vorstellen, wie sehr wir das dieses Jahr vermisst haben.<\/p>\n\n\n\n<p>Wie so vieles in diesem Jahr, findet auch das ausnahmsweise \u201eOnline\u201c statt. Also stimmt mit uns gemeinsam ein und singt heute Abend mit Euren Liebsten \u201eO Du Fr\u00f6hliche\u201c<\/p>\n\n\n\n<p>Wir hoffen sehr, dass Euch unser musikalischer Adventskalender gefallen hat? Wenn ihr m\u00f6gt, d\u00fcrft ihr gerne hier oder auch auf Facebook einen Kommentar dazu schreiben.<\/p>\n\n\n\n<p class=\"has-text-align-center\"><strong>Wir w\u00fcnschen Euch Allen und Euren Familien ein Frohes und Gesegnetes Weihnachtsfest, bleibt bitte ALLE GESUND, sodass wir uns im n\u00e4chsten Jahr wiedersehen.<\/strong><\/p>\n\n\n\n<p class=\"has-text-align-center\"><strong>Pers\u00f6nlich<\/strong><\/p>\n\n\n\n<p class=\"has-text-align-center\"><strong>Auf ein gutes 2021!<\/strong><\/p>\n\n\n\n<p class=\"has-text-align-center\"><em>Eure Blaskapelle Reelsen<\/em><\/p>\n\n\n\n<figure class=\"wp-block-video aligncenter\"><video height=\"768\" style=\"aspect-ratio: 1360 \/ 768;\" width=\"1360\" controls src=\"https:\/\/blaskapelle-reelsen.de\/wordpress\/wp-content\/uploads\/2020\/12\/Tuerchen-24_komp-1.mp4\"><\/video><\/figure>\n\n\n\n<div style=\"height:43px\" aria-hidden=\"true\" class=\"wp-block-spacer\"><\/div>\n\n\n\n<p class=\"has-text-align-center\">Das war er, unser ein wenig aus der Not geborene Adventskalender 2020.<\/p>\n\n\n\n<p class=\"has-text-align-center\">F\u00fcr morgen d\u00fcrfen wir schon einmal sch\u00f6ne Weihnachtsgr\u00fcsse ank\u00fcndigen, einfach mal reinschauen.<\/p>\n\n\n\n<p class=\"has-text-align-center\">Und es bleibt dabei:<\/p>\n\n\n<div class=\"wp-block-image\">\n<figure class=\"aligncenter size-large is-resized\"><img loading=\"lazy\" decoding=\"async\" src=\"https:\/\/blaskapelle-reelsen.de\/wordpress\/wp-content\/uploads\/2020\/09\/wie-lieben-blasmusik.jpg\" alt=\"\" class=\"wp-image-382\" width=\"161\" height=\"161\" srcset=\"https:\/\/blaskapelle-reelsen.de\/wordpress\/wp-content\/uploads\/2020\/09\/wie-lieben-blasmusik.jpg 926w, https:\/\/blaskapelle-reelsen.de\/wordpress\/wp-content\/uploads\/2020\/09\/wie-lieben-blasmusik-300x300.jpg 300w, https:\/\/blaskapelle-reelsen.de\/wordpress\/wp-content\/uploads\/2020\/09\/wie-lieben-blasmusik-150x150.jpg 150w, https:\/\/blaskapelle-reelsen.de\/wordpress\/wp-content\/uploads\/2020\/09\/wie-lieben-blasmusik-768x767.jpg 768w, https:\/\/blaskapelle-reelsen.de\/wordpress\/wp-content\/uploads\/2020\/09\/wie-lieben-blasmusik-100x100.jpg 100w\" sizes=\"auto, (max-width: 161px) 100vw, 161px\" \/><\/figure>\n<\/div>\n\n\n<p><\/p>\n","protected":false},"excerpt":{"rendered":"<p>Willkommen beim digitalen Adventskalender der Blaskapelle Reelsen. Weihnachten! Hinter unserem letzten T\u00fcrchen verbirgt sich eine echte Tradition \u2013 und zwar das gemeinsame Weihnachtsliedersingen mit Euch auf unseren Weihnachtskonzerten. Ihr k\u00f6nnt Euch nicht vorstellen, wie sehr wir das dieses Jahr vermisst haben. Wie so vieles in diesem Jahr, findet auch das ausnahmsweise \u201eOnline\u201c statt. Also stimmt &hellip; <\/p>\n<p class=\"link-more\"><a href=\"https:\/\/blaskapelle-reelsen.de\/index.php\/24-dezember\/\" class=\"more-link\"><span class=\"screen-reader-text\">\u201e24. Dezember\u201c <\/span>weiterlesen<\/a><\/p>\n","protected":false},"author":1,"featured_media":0,"parent":0,"menu_order":0,"comment_status":"closed","ping_status":"closed","template":"","meta":{"footnotes":""},"class_list":["post-891","page","type-page","status-publish","hentry"],"yoast_head":"<!-- This site is optimized with the Yoast SEO plugin v27.5 - https:\/\/yoast.com\/product\/yoast-seo-wordpress\/ -->\n<title>24. Dezember - Blaskapelle Reelsen e.V.<\/title>\n<meta name=\"robots\" content=\"index, follow, max-snippet:-1, max-image-preview:large, max-video-preview:-1\" \/>\n<link rel=\"canonical\" href=\"https:\/\/blaskapelle-reelsen.de\/index.php\/24-dezember\/\" \/>\n<meta property=\"og:locale\" content=\"de_DE\" \/>\n<meta property=\"og:type\" content=\"article\" \/>\n<meta property=\"og:title\" content=\"24. Dezember - Blaskapelle Reelsen e.V.\" \/>\n<meta property=\"og:description\" content=\"Willkommen beim digitalen Adventskalender der Blaskapelle Reelsen. Weihnachten! Hinter unserem letzten T\u00fcrchen verbirgt sich eine echte Tradition \u2013 und zwar das gemeinsame Weihnachtsliedersingen mit Euch auf unseren Weihnachtskonzerten. Ihr k\u00f6nnt Euch nicht vorstellen, wie sehr wir das dieses Jahr vermisst haben. Wie so vieles in diesem Jahr, findet auch das ausnahmsweise \u201eOnline\u201c statt. Also stimmt &hellip; \u201e24. Dezember\u201c weiterlesen\" \/>\n<meta property=\"og:url\" content=\"https:\/\/blaskapelle-reelsen.de\/index.php\/24-dezember\/\" \/>\n<meta property=\"og:site_name\" content=\"Blaskapelle Reelsen e.V.\" \/>\n<meta property=\"article:modified_time\" content=\"2022-12-29T12:15:15+00:00\" \/>\n<meta property=\"og:image\" content=\"https:\/\/blaskapelle-reelsen.de\/wordpress\/wp-content\/uploads\/2020\/12\/IMG_20201214_195927-1024x505.jpg\" \/>\n<meta name=\"twitter:card\" content=\"summary_large_image\" \/>\n<meta name=\"twitter:label1\" content=\"Gesch\u00e4tzte Lesezeit\" \/>\n\t<meta name=\"twitter:data1\" content=\"2\u00a0Minuten\" \/>\n<script type=\"application\/ld+json\" class=\"yoast-schema-graph\">{\"@context\":\"https:\\\/\\\/schema.org\",\"@graph\":[{\"@type\":\"WebPage\",\"@id\":\"https:\\\/\\\/blaskapelle-reelsen.de\\\/index.php\\\/24-dezember\\\/\",\"url\":\"https:\\\/\\\/blaskapelle-reelsen.de\\\/index.php\\\/24-dezember\\\/\",\"name\":\"24. Dezember - Blaskapelle Reelsen e.V.\",\"isPartOf\":{\"@id\":\"https:\\\/\\\/blaskapelle-reelsen.de\\\/#website\"},\"primaryImageOfPage\":{\"@id\":\"https:\\\/\\\/blaskapelle-reelsen.de\\\/index.php\\\/24-dezember\\\/#primaryimage\"},\"image\":{\"@id\":\"https:\\\/\\\/blaskapelle-reelsen.de\\\/index.php\\\/24-dezember\\\/#primaryimage\"},\"thumbnailUrl\":\"https:\\\/\\\/blaskapelle-reelsen.de\\\/wordpress\\\/wp-content\\\/uploads\\\/2020\\\/12\\\/IMG_20201214_195927-1024x505.jpg\",\"datePublished\":\"2020-12-02T18:32:11+00:00\",\"dateModified\":\"2022-12-29T12:15:15+00:00\",\"breadcrumb\":{\"@id\":\"https:\\\/\\\/blaskapelle-reelsen.de\\\/index.php\\\/24-dezember\\\/#breadcrumb\"},\"inLanguage\":\"de\",\"potentialAction\":[{\"@type\":\"ReadAction\",\"target\":[\"https:\\\/\\\/blaskapelle-reelsen.de\\\/index.php\\\/24-dezember\\\/\"]}]},{\"@type\":\"ImageObject\",\"inLanguage\":\"de\",\"@id\":\"https:\\\/\\\/blaskapelle-reelsen.de\\\/index.php\\\/24-dezember\\\/#primaryimage\",\"url\":\"https:\\\/\\\/blaskapelle-reelsen.de\\\/wordpress\\\/wp-content\\\/uploads\\\/2020\\\/12\\\/IMG_20201214_195927-1024x505.jpg\",\"contentUrl\":\"https:\\\/\\\/blaskapelle-reelsen.de\\\/wordpress\\\/wp-content\\\/uploads\\\/2020\\\/12\\\/IMG_20201214_195927-1024x505.jpg\"},{\"@type\":\"BreadcrumbList\",\"@id\":\"https:\\\/\\\/blaskapelle-reelsen.de\\\/index.php\\\/24-dezember\\\/#breadcrumb\",\"itemListElement\":[{\"@type\":\"ListItem\",\"position\":1,\"name\":\"Home\",\"item\":\"https:\\\/\\\/blaskapelle-reelsen.de\\\/\"},{\"@type\":\"ListItem\",\"position\":2,\"name\":\"24. Dezember\"}]},{\"@type\":\"WebSite\",\"@id\":\"https:\\\/\\\/blaskapelle-reelsen.de\\\/#website\",\"url\":\"https:\\\/\\\/blaskapelle-reelsen.de\\\/\",\"name\":\"Blaskapelle Reelsen e.V.\",\"description\":\"wir l(i)eben Blasmusik - seit 1975\",\"publisher\":{\"@id\":\"https:\\\/\\\/blaskapelle-reelsen.de\\\/#organization\"},\"potentialAction\":[{\"@type\":\"SearchAction\",\"target\":{\"@type\":\"EntryPoint\",\"urlTemplate\":\"https:\\\/\\\/blaskapelle-reelsen.de\\\/?s={search_term_string}\"},\"query-input\":{\"@type\":\"PropertyValueSpecification\",\"valueRequired\":true,\"valueName\":\"search_term_string\"}}],\"inLanguage\":\"de\"},{\"@type\":\"Organization\",\"@id\":\"https:\\\/\\\/blaskapelle-reelsen.de\\\/#organization\",\"name\":\"Blaskapelle Reelsen e.V.\",\"url\":\"https:\\\/\\\/blaskapelle-reelsen.de\\\/\",\"logo\":{\"@type\":\"ImageObject\",\"inLanguage\":\"de\",\"@id\":\"https:\\\/\\\/blaskapelle-reelsen.de\\\/#\\\/schema\\\/logo\\\/image\\\/\",\"url\":\"https:\\\/\\\/blaskapelle-reelsen.de\\\/wordpress\\\/wp-content\\\/uploads\\\/2025\\\/03\\\/cropped-wappen-final.png\",\"contentUrl\":\"https:\\\/\\\/blaskapelle-reelsen.de\\\/wordpress\\\/wp-content\\\/uploads\\\/2025\\\/03\\\/cropped-wappen-final.png\",\"width\":184,\"height\":250,\"caption\":\"Blaskapelle Reelsen e.V.\"},\"image\":{\"@id\":\"https:\\\/\\\/blaskapelle-reelsen.de\\\/#\\\/schema\\\/logo\\\/image\\\/\"}}]}<\/script>\n<!-- \/ Yoast SEO plugin. -->","yoast_head_json":{"title":"24. Dezember - Blaskapelle Reelsen e.V.","robots":{"index":"index","follow":"follow","max-snippet":"max-snippet:-1","max-image-preview":"max-image-preview:large","max-video-preview":"max-video-preview:-1"},"canonical":"https:\/\/blaskapelle-reelsen.de\/index.php\/24-dezember\/","og_locale":"de_DE","og_type":"article","og_title":"24. Dezember - Blaskapelle Reelsen e.V.","og_description":"Willkommen beim digitalen Adventskalender der Blaskapelle Reelsen. Weihnachten! Hinter unserem letzten T\u00fcrchen verbirgt sich eine echte Tradition \u2013 und zwar das gemeinsame Weihnachtsliedersingen mit Euch auf unseren Weihnachtskonzerten. Ihr k\u00f6nnt Euch nicht vorstellen, wie sehr wir das dieses Jahr vermisst haben. Wie so vieles in diesem Jahr, findet auch das ausnahmsweise \u201eOnline\u201c statt. Also stimmt &hellip; \u201e24. Dezember\u201c weiterlesen","og_url":"https:\/\/blaskapelle-reelsen.de\/index.php\/24-dezember\/","og_site_name":"Blaskapelle Reelsen e.V.","article_modified_time":"2022-12-29T12:15:15+00:00","og_image":[{"url":"https:\/\/blaskapelle-reelsen.de\/wordpress\/wp-content\/uploads\/2020\/12\/IMG_20201214_195927-1024x505.jpg","type":"","width":"","height":""}],"twitter_card":"summary_large_image","twitter_misc":{"Gesch\u00e4tzte Lesezeit":"2\u00a0Minuten"},"schema":{"@context":"https:\/\/schema.org","@graph":[{"@type":"WebPage","@id":"https:\/\/blaskapelle-reelsen.de\/index.php\/24-dezember\/","url":"https:\/\/blaskapelle-reelsen.de\/index.php\/24-dezember\/","name":"24. Dezember - Blaskapelle Reelsen e.V.","isPartOf":{"@id":"https:\/\/blaskapelle-reelsen.de\/#website"},"primaryImageOfPage":{"@id":"https:\/\/blaskapelle-reelsen.de\/index.php\/24-dezember\/#primaryimage"},"image":{"@id":"https:\/\/blaskapelle-reelsen.de\/index.php\/24-dezember\/#primaryimage"},"thumbnailUrl":"https:\/\/blaskapelle-reelsen.de\/wordpress\/wp-content\/uploads\/2020\/12\/IMG_20201214_195927-1024x505.jpg","datePublished":"2020-12-02T18:32:11+00:00","dateModified":"2022-12-29T12:15:15+00:00","breadcrumb":{"@id":"https:\/\/blaskapelle-reelsen.de\/index.php\/24-dezember\/#breadcrumb"},"inLanguage":"de","potentialAction":[{"@type":"ReadAction","target":["https:\/\/blaskapelle-reelsen.de\/index.php\/24-dezember\/"]}]},{"@type":"ImageObject","inLanguage":"de","@id":"https:\/\/blaskapelle-reelsen.de\/index.php\/24-dezember\/#primaryimage","url":"https:\/\/blaskapelle-reelsen.de\/wordpress\/wp-content\/uploads\/2020\/12\/IMG_20201214_195927-1024x505.jpg","contentUrl":"https:\/\/blaskapelle-reelsen.de\/wordpress\/wp-content\/uploads\/2020\/12\/IMG_20201214_195927-1024x505.jpg"},{"@type":"BreadcrumbList","@id":"https:\/\/blaskapelle-reelsen.de\/index.php\/24-dezember\/#breadcrumb","itemListElement":[{"@type":"ListItem","position":1,"name":"Home","item":"https:\/\/blaskapelle-reelsen.de\/"},{"@type":"ListItem","position":2,"name":"24. Dezember"}]},{"@type":"WebSite","@id":"https:\/\/blaskapelle-reelsen.de\/#website","url":"https:\/\/blaskapelle-reelsen.de\/","name":"Blaskapelle Reelsen e.V.","description":"wir l(i)eben Blasmusik - seit 1975","publisher":{"@id":"https:\/\/blaskapelle-reelsen.de\/#organization"},"potentialAction":[{"@type":"SearchAction","target":{"@type":"EntryPoint","urlTemplate":"https:\/\/blaskapelle-reelsen.de\/?s={search_term_string}"},"query-input":{"@type":"PropertyValueSpecification","valueRequired":true,"valueName":"search_term_string"}}],"inLanguage":"de"},{"@type":"Organization","@id":"https:\/\/blaskapelle-reelsen.de\/#organization","name":"Blaskapelle Reelsen e.V.","url":"https:\/\/blaskapelle-reelsen.de\/","logo":{"@type":"ImageObject","inLanguage":"de","@id":"https:\/\/blaskapelle-reelsen.de\/#\/schema\/logo\/image\/","url":"https:\/\/blaskapelle-reelsen.de\/wordpress\/wp-content\/uploads\/2025\/03\/cropped-wappen-final.png","contentUrl":"https:\/\/blaskapelle-reelsen.de\/wordpress\/wp-content\/uploads\/2025\/03\/cropped-wappen-final.png","width":184,"height":250,"caption":"Blaskapelle Reelsen e.V."},"image":{"@id":"https:\/\/blaskapelle-reelsen.de\/#\/schema\/logo\/image\/"}}]}},"_links":{"self":[{"href":"https:\/\/blaskapelle-reelsen.de\/index.php\/wp-json\/wp\/v2\/pages\/891","targetHints":{"allow":["GET"]}}],"collection":[{"href":"https:\/\/blaskapelle-reelsen.de\/index.php\/wp-json\/wp\/v2\/pages"}],"about":[{"href":"https:\/\/blaskapelle-reelsen.de\/index.php\/wp-json\/wp\/v2\/types\/page"}],"author":[{"embeddable":true,"href":"https:\/\/blaskapelle-reelsen.de\/index.php\/wp-json\/wp\/v2\/users\/1"}],"replies":[{"embeddable":true,"href":"https:\/\/blaskapelle-reelsen.de\/index.php\/wp-json\/wp\/v2\/comments?post=891"}],"version-history":[{"count":25,"href":"https:\/\/blaskapelle-reelsen.de\/index.php\/wp-json\/wp\/v2\/pages\/891\/revisions"}],"predecessor-version":[{"id":1761,"href":"https:\/\/blaskapelle-reelsen.de\/index.php\/wp-json\/wp\/v2\/pages\/891\/revisions\/1761"}],"wp:attachment":[{"href":"https:\/\/blaskapelle-reelsen.de\/index.php\/wp-json\/wp\/v2\/media?parent=891"}],"curies":[{"name":"wp","href":"https:\/\/api.w.org\/{rel}","templated":true}]}}