{"id":886,"date":"2020-12-02T19:30:05","date_gmt":"2020-12-02T18:30:05","guid":{"rendered":"http:\/\/blaskapelle-reelsen.de\/?page_id=886"},"modified":"2022-12-29T13:14:28","modified_gmt":"2022-12-29T12:14:28","slug":"21-dezember","status":"publish","type":"page","link":"https:\/\/blaskapelle-reelsen.de\/index.php\/21-dezember\/","title":{"rendered":"21. Dezember"},"content":{"rendered":"\n<p>Willkommen beim digitalen Adventskalender der Blaskapelle Reelsen.<\/p>\n\n\n\n<p class=\"has-text-align-center\"><strong>Dreimal werden wir noch wach &#8230;<\/strong><\/p>\n\n\n\n<p>Ein ganz ganz besonderer Moment versteckt sich hinter diesem T\u00fcrchen. In diesem Jahr durften wir leider kaum Auftritte spielen, aber die wenigen Auftritte, die wir hatten, waren daf\u00fcr umso sch\u00f6ner. \ud83d\ude0a<\/p>\n\n\n\n<p>Heute vor 4 Monaten haben sich unsere beiden Musiker und Vorstandsmitglieder Gabi und Markus das \u201eJa \u2013 Wort\u201c gegeben und nat\u00fcrlich haben wir die beiden mit einem St\u00e4ndchen \u00fcberrascht. F\u00fcr diesen besonderen Anlass haben wir ein St\u00fcck gefunden, dessen Botschaft wir den beiden nochmal mit auf den Weg geben m\u00f6chten : Ein Leben lang, an deiner Seite, bringst mich zum Tr\u00e4umen, l\u00e4sst mich niemals allein. M\u00f6cht\u2018 all die Zeit, dich nie verlieren, was f\u00fcr ein Gl\u00fcck, dass mich umgibt ist Musik.<\/p>\n\n\n\n<figure class=\"wp-block-video aligncenter\"><video height=\"352\" style=\"aspect-ratio: 640 \/ 352;\" width=\"640\" controls src=\"https:\/\/blaskapelle-reelsen.de\/wordpress\/wp-content\/uploads\/2020\/12\/Tuerchen-21-1.mp4\"><\/video><\/figure>\n","protected":false},"excerpt":{"rendered":"<p>Willkommen beim digitalen Adventskalender der Blaskapelle Reelsen. Dreimal werden wir noch wach &#8230; Ein ganz ganz besonderer Moment versteckt sich hinter diesem T\u00fcrchen. In diesem Jahr durften wir leider kaum Auftritte spielen, aber die wenigen Auftritte, die wir hatten, waren daf\u00fcr umso sch\u00f6ner. \ud83d\ude0a Heute vor 4 Monaten haben sich unsere beiden Musiker und Vorstandsmitglieder &hellip; <\/p>\n<p class=\"link-more\"><a href=\"https:\/\/blaskapelle-reelsen.de\/index.php\/21-dezember\/\" class=\"more-link\"><span class=\"screen-reader-text\">\u201e21. Dezember\u201c <\/span>weiterlesen<\/a><\/p>\n","protected":false},"author":1,"featured_media":0,"parent":0,"menu_order":0,"comment_status":"closed","ping_status":"closed","template":"","meta":{"footnotes":""},"class_list":["post-886","page","type-page","status-publish","hentry"],"yoast_head":"<!-- This site is optimized with the Yoast SEO plugin v27.5 - https:\/\/yoast.com\/product\/yoast-seo-wordpress\/ -->\n<title>21. Dezember - Blaskapelle Reelsen e.V.<\/title>\n<meta name=\"robots\" content=\"index, follow, max-snippet:-1, max-image-preview:large, max-video-preview:-1\" \/>\n<link rel=\"canonical\" href=\"https:\/\/blaskapelle-reelsen.de\/index.php\/21-dezember\/\" \/>\n<meta property=\"og:locale\" content=\"de_DE\" \/>\n<meta property=\"og:type\" content=\"article\" \/>\n<meta property=\"og:title\" content=\"21. Dezember - Blaskapelle Reelsen e.V.\" \/>\n<meta property=\"og:description\" content=\"Willkommen beim digitalen Adventskalender der Blaskapelle Reelsen. Dreimal werden wir noch wach &#8230; Ein ganz ganz besonderer Moment versteckt sich hinter diesem T\u00fcrchen. In diesem Jahr durften wir leider kaum Auftritte spielen, aber die wenigen Auftritte, die wir hatten, waren daf\u00fcr umso sch\u00f6ner. \ud83d\ude0a Heute vor 4 Monaten haben sich unsere beiden Musiker und Vorstandsmitglieder &hellip; \u201e21. Dezember\u201c weiterlesen\" \/>\n<meta property=\"og:url\" content=\"https:\/\/blaskapelle-reelsen.de\/index.php\/21-dezember\/\" \/>\n<meta property=\"og:site_name\" content=\"Blaskapelle Reelsen e.V.\" \/>\n<meta property=\"article:modified_time\" content=\"2022-12-29T12:14:28+00:00\" \/>\n<meta name=\"twitter:card\" content=\"summary_large_image\" \/>\n<meta name=\"twitter:label1\" content=\"Gesch\u00e4tzte Lesezeit\" \/>\n\t<meta name=\"twitter:data1\" content=\"1\u00a0Minute\" \/>\n<script type=\"application\/ld+json\" class=\"yoast-schema-graph\">{\"@context\":\"https:\\\/\\\/schema.org\",\"@graph\":[{\"@type\":\"WebPage\",\"@id\":\"https:\\\/\\\/blaskapelle-reelsen.de\\\/index.php\\\/21-dezember\\\/\",\"url\":\"https:\\\/\\\/blaskapelle-reelsen.de\\\/index.php\\\/21-dezember\\\/\",\"name\":\"21. Dezember - Blaskapelle Reelsen e.V.\",\"isPartOf\":{\"@id\":\"https:\\\/\\\/blaskapelle-reelsen.de\\\/#website\"},\"datePublished\":\"2020-12-02T18:30:05+00:00\",\"dateModified\":\"2022-12-29T12:14:28+00:00\",\"breadcrumb\":{\"@id\":\"https:\\\/\\\/blaskapelle-reelsen.de\\\/index.php\\\/21-dezember\\\/#breadcrumb\"},\"inLanguage\":\"de\",\"potentialAction\":[{\"@type\":\"ReadAction\",\"target\":[\"https:\\\/\\\/blaskapelle-reelsen.de\\\/index.php\\\/21-dezember\\\/\"]}]},{\"@type\":\"BreadcrumbList\",\"@id\":\"https:\\\/\\\/blaskapelle-reelsen.de\\\/index.php\\\/21-dezember\\\/#breadcrumb\",\"itemListElement\":[{\"@type\":\"ListItem\",\"position\":1,\"name\":\"Home\",\"item\":\"https:\\\/\\\/blaskapelle-reelsen.de\\\/\"},{\"@type\":\"ListItem\",\"position\":2,\"name\":\"21. Dezember\"}]},{\"@type\":\"WebSite\",\"@id\":\"https:\\\/\\\/blaskapelle-reelsen.de\\\/#website\",\"url\":\"https:\\\/\\\/blaskapelle-reelsen.de\\\/\",\"name\":\"Blaskapelle Reelsen e.V.\",\"description\":\"wir l(i)eben Blasmusik - seit 1975\",\"publisher\":{\"@id\":\"https:\\\/\\\/blaskapelle-reelsen.de\\\/#organization\"},\"potentialAction\":[{\"@type\":\"SearchAction\",\"target\":{\"@type\":\"EntryPoint\",\"urlTemplate\":\"https:\\\/\\\/blaskapelle-reelsen.de\\\/?s={search_term_string}\"},\"query-input\":{\"@type\":\"PropertyValueSpecification\",\"valueRequired\":true,\"valueName\":\"search_term_string\"}}],\"inLanguage\":\"de\"},{\"@type\":\"Organization\",\"@id\":\"https:\\\/\\\/blaskapelle-reelsen.de\\\/#organization\",\"name\":\"Blaskapelle Reelsen e.V.\",\"url\":\"https:\\\/\\\/blaskapelle-reelsen.de\\\/\",\"logo\":{\"@type\":\"ImageObject\",\"inLanguage\":\"de\",\"@id\":\"https:\\\/\\\/blaskapelle-reelsen.de\\\/#\\\/schema\\\/logo\\\/image\\\/\",\"url\":\"https:\\\/\\\/blaskapelle-reelsen.de\\\/wordpress\\\/wp-content\\\/uploads\\\/2025\\\/03\\\/cropped-wappen-final.png\",\"contentUrl\":\"https:\\\/\\\/blaskapelle-reelsen.de\\\/wordpress\\\/wp-content\\\/uploads\\\/2025\\\/03\\\/cropped-wappen-final.png\",\"width\":184,\"height\":250,\"caption\":\"Blaskapelle Reelsen e.V.\"},\"image\":{\"@id\":\"https:\\\/\\\/blaskapelle-reelsen.de\\\/#\\\/schema\\\/logo\\\/image\\\/\"}}]}<\/script>\n<!-- \/ Yoast SEO plugin. -->","yoast_head_json":{"title":"21. Dezember - Blaskapelle Reelsen e.V.","robots":{"index":"index","follow":"follow","max-snippet":"max-snippet:-1","max-image-preview":"max-image-preview:large","max-video-preview":"max-video-preview:-1"},"canonical":"https:\/\/blaskapelle-reelsen.de\/index.php\/21-dezember\/","og_locale":"de_DE","og_type":"article","og_title":"21. Dezember - Blaskapelle Reelsen e.V.","og_description":"Willkommen beim digitalen Adventskalender der Blaskapelle Reelsen. Dreimal werden wir noch wach &#8230; Ein ganz ganz besonderer Moment versteckt sich hinter diesem T\u00fcrchen. In diesem Jahr durften wir leider kaum Auftritte spielen, aber die wenigen Auftritte, die wir hatten, waren daf\u00fcr umso sch\u00f6ner. \ud83d\ude0a Heute vor 4 Monaten haben sich unsere beiden Musiker und Vorstandsmitglieder &hellip; \u201e21. Dezember\u201c weiterlesen","og_url":"https:\/\/blaskapelle-reelsen.de\/index.php\/21-dezember\/","og_site_name":"Blaskapelle Reelsen e.V.","article_modified_time":"2022-12-29T12:14:28+00:00","twitter_card":"summary_large_image","twitter_misc":{"Gesch\u00e4tzte Lesezeit":"1\u00a0Minute"},"schema":{"@context":"https:\/\/schema.org","@graph":[{"@type":"WebPage","@id":"https:\/\/blaskapelle-reelsen.de\/index.php\/21-dezember\/","url":"https:\/\/blaskapelle-reelsen.de\/index.php\/21-dezember\/","name":"21. Dezember - Blaskapelle Reelsen e.V.","isPartOf":{"@id":"https:\/\/blaskapelle-reelsen.de\/#website"},"datePublished":"2020-12-02T18:30:05+00:00","dateModified":"2022-12-29T12:14:28+00:00","breadcrumb":{"@id":"https:\/\/blaskapelle-reelsen.de\/index.php\/21-dezember\/#breadcrumb"},"inLanguage":"de","potentialAction":[{"@type":"ReadAction","target":["https:\/\/blaskapelle-reelsen.de\/index.php\/21-dezember\/"]}]},{"@type":"BreadcrumbList","@id":"https:\/\/blaskapelle-reelsen.de\/index.php\/21-dezember\/#breadcrumb","itemListElement":[{"@type":"ListItem","position":1,"name":"Home","item":"https:\/\/blaskapelle-reelsen.de\/"},{"@type":"ListItem","position":2,"name":"21. Dezember"}]},{"@type":"WebSite","@id":"https:\/\/blaskapelle-reelsen.de\/#website","url":"https:\/\/blaskapelle-reelsen.de\/","name":"Blaskapelle Reelsen e.V.","description":"wir l(i)eben Blasmusik - seit 1975","publisher":{"@id":"https:\/\/blaskapelle-reelsen.de\/#organization"},"potentialAction":[{"@type":"SearchAction","target":{"@type":"EntryPoint","urlTemplate":"https:\/\/blaskapelle-reelsen.de\/?s={search_term_string}"},"query-input":{"@type":"PropertyValueSpecification","valueRequired":true,"valueName":"search_term_string"}}],"inLanguage":"de"},{"@type":"Organization","@id":"https:\/\/blaskapelle-reelsen.de\/#organization","name":"Blaskapelle Reelsen e.V.","url":"https:\/\/blaskapelle-reelsen.de\/","logo":{"@type":"ImageObject","inLanguage":"de","@id":"https:\/\/blaskapelle-reelsen.de\/#\/schema\/logo\/image\/","url":"https:\/\/blaskapelle-reelsen.de\/wordpress\/wp-content\/uploads\/2025\/03\/cropped-wappen-final.png","contentUrl":"https:\/\/blaskapelle-reelsen.de\/wordpress\/wp-content\/uploads\/2025\/03\/cropped-wappen-final.png","width":184,"height":250,"caption":"Blaskapelle Reelsen e.V."},"image":{"@id":"https:\/\/blaskapelle-reelsen.de\/#\/schema\/logo\/image\/"}}]}},"_links":{"self":[{"href":"https:\/\/blaskapelle-reelsen.de\/index.php\/wp-json\/wp\/v2\/pages\/886","targetHints":{"allow":["GET"]}}],"collection":[{"href":"https:\/\/blaskapelle-reelsen.de\/index.php\/wp-json\/wp\/v2\/pages"}],"about":[{"href":"https:\/\/blaskapelle-reelsen.de\/index.php\/wp-json\/wp\/v2\/types\/page"}],"author":[{"embeddable":true,"href":"https:\/\/blaskapelle-reelsen.de\/index.php\/wp-json\/wp\/v2\/users\/1"}],"replies":[{"embeddable":true,"href":"https:\/\/blaskapelle-reelsen.de\/index.php\/wp-json\/wp\/v2\/comments?post=886"}],"version-history":[{"count":5,"href":"https:\/\/blaskapelle-reelsen.de\/index.php\/wp-json\/wp\/v2\/pages\/886\/revisions"}],"predecessor-version":[{"id":1199,"href":"https:\/\/blaskapelle-reelsen.de\/index.php\/wp-json\/wp\/v2\/pages\/886\/revisions\/1199"}],"wp:attachment":[{"href":"https:\/\/blaskapelle-reelsen.de\/index.php\/wp-json\/wp\/v2\/media?parent=886"}],"curies":[{"name":"wp","href":"https:\/\/api.w.org\/{rel}","templated":true}]}}