{"id":884,"date":"2020-12-02T19:29:46","date_gmt":"2020-12-02T18:29:46","guid":{"rendered":"http:\/\/blaskapelle-reelsen.de\/?page_id=884"},"modified":"2022-12-29T13:13:56","modified_gmt":"2022-12-29T12:13:56","slug":"20-dezember","status":"publish","type":"page","link":"https:\/\/blaskapelle-reelsen.de\/index.php\/20-dezember\/","title":{"rendered":"20. Dezember"},"content":{"rendered":"\n<p>Willkommen beim digitalen Adventskalender der Blaskapelle Reelsen.<\/p>\n\n\n\n<p>Heute w\u00e4re unser diesj\u00e4hriges Weihnachtskonzert gewesen, was leider nicht stattfinden kann. Wir erinnern uns an viele stimmungsvolle Konzerte kurz vor Weihnachten, bei Kaffee, weihnachtlichem Geb\u00e4ck und vielen sch\u00f6nen Melodien. Oftmals waren die Kleinsten mit eingebunden oder wir erhielten Unterst\u00fctzung vom Langel\u00e4nder Chor. Vielen Dank auch f\u00fcr die gro\u00dfz\u00fcgigen Spenden, mit denen zahlreiche Hilfsprojekte in den vergangenen 21 Jahren unterst\u00fctzt werden konnten.<\/p>\n\n\n<p>[slide-anything id=&#8220;1115&#8243;]<\/p>\n\n\n\n<p><\/p>\n\n\n\n<div style=\"height:31px\" aria-hidden=\"true\" class=\"wp-block-spacer\"><\/div>\n\n\n\n<p>Wir m\u00f6gen sehr gerne auch mal etwas \u201efetzige\u201c Weihnachtslieder und eines davon verbirgt sich hinter dem 20. T\u00fcrchen. Dieser Ausschnitt stammt aus unserem letzten Weihnachtskonzert in 2019.<\/p>\n\n\n\n<p>Wir w\u00fcnschen Euch einen beschwingten und wundersch\u00f6nen 4. Advent.<\/p>\n\n\n\n<figure class=\"wp-block-video\"><video height=\"352\" style=\"aspect-ratio: 640 \/ 352;\" width=\"640\" controls src=\"https:\/\/blaskapelle-reelsen.de\/wordpress\/wp-content\/uploads\/2020\/12\/Tuerchen-20.mov\"><\/video><\/figure>\n","protected":false},"excerpt":{"rendered":"<p>Willkommen beim digitalen Adventskalender der Blaskapelle Reelsen. Heute w\u00e4re unser diesj\u00e4hriges Weihnachtskonzert gewesen, was leider nicht stattfinden kann. Wir erinnern uns an viele stimmungsvolle Konzerte kurz vor Weihnachten, bei Kaffee, weihnachtlichem Geb\u00e4ck und vielen sch\u00f6nen Melodien. Oftmals waren die Kleinsten mit eingebunden oder wir erhielten Unterst\u00fctzung vom Langel\u00e4nder Chor. Vielen Dank auch f\u00fcr die gro\u00dfz\u00fcgigen &hellip; <\/p>\n<p class=\"link-more\"><a href=\"https:\/\/blaskapelle-reelsen.de\/index.php\/20-dezember\/\" class=\"more-link\"><span class=\"screen-reader-text\">\u201e20. Dezember\u201c <\/span>weiterlesen<\/a><\/p>\n","protected":false},"author":1,"featured_media":0,"parent":0,"menu_order":0,"comment_status":"closed","ping_status":"closed","template":"","meta":{"footnotes":""},"class_list":["post-884","page","type-page","status-publish","hentry"],"yoast_head":"<!-- This site is optimized with the Yoast SEO plugin v27.6 - https:\/\/yoast.com\/product\/yoast-seo-wordpress\/ -->\n<title>20. Dezember - Blaskapelle Reelsen e.V.<\/title>\n<meta name=\"robots\" content=\"index, follow, max-snippet:-1, max-image-preview:large, max-video-preview:-1\" \/>\n<link rel=\"canonical\" href=\"https:\/\/blaskapelle-reelsen.de\/index.php\/20-dezember\/\" \/>\n<meta property=\"og:locale\" content=\"de_DE\" \/>\n<meta property=\"og:type\" content=\"article\" \/>\n<meta property=\"og:title\" content=\"20. Dezember - Blaskapelle Reelsen e.V.\" \/>\n<meta property=\"og:description\" content=\"Willkommen beim digitalen Adventskalender der Blaskapelle Reelsen. Heute w\u00e4re unser diesj\u00e4hriges Weihnachtskonzert gewesen, was leider nicht stattfinden kann. Wir erinnern uns an viele stimmungsvolle Konzerte kurz vor Weihnachten, bei Kaffee, weihnachtlichem Geb\u00e4ck und vielen sch\u00f6nen Melodien. Oftmals waren die Kleinsten mit eingebunden oder wir erhielten Unterst\u00fctzung vom Langel\u00e4nder Chor. Vielen Dank auch f\u00fcr die gro\u00dfz\u00fcgigen &hellip; \u201e20. Dezember\u201c weiterlesen\" \/>\n<meta property=\"og:url\" content=\"https:\/\/blaskapelle-reelsen.de\/index.php\/20-dezember\/\" \/>\n<meta property=\"og:site_name\" content=\"Blaskapelle Reelsen e.V.\" \/>\n<meta property=\"article:modified_time\" content=\"2022-12-29T12:13:56+00:00\" \/>\n<meta name=\"twitter:card\" content=\"summary_large_image\" \/>\n<meta name=\"twitter:label1\" content=\"Gesch\u00e4tzte Lesezeit\" \/>\n\t<meta name=\"twitter:data1\" content=\"1\u00a0Minute\" \/>\n<script type=\"application\/ld+json\" class=\"yoast-schema-graph\">{\"@context\":\"https:\\\/\\\/schema.org\",\"@graph\":[{\"@type\":\"WebPage\",\"@id\":\"https:\\\/\\\/blaskapelle-reelsen.de\\\/index.php\\\/20-dezember\\\/\",\"url\":\"https:\\\/\\\/blaskapelle-reelsen.de\\\/index.php\\\/20-dezember\\\/\",\"name\":\"20. Dezember - Blaskapelle Reelsen e.V.\",\"isPartOf\":{\"@id\":\"https:\\\/\\\/blaskapelle-reelsen.de\\\/#website\"},\"datePublished\":\"2020-12-02T18:29:46+00:00\",\"dateModified\":\"2022-12-29T12:13:56+00:00\",\"breadcrumb\":{\"@id\":\"https:\\\/\\\/blaskapelle-reelsen.de\\\/index.php\\\/20-dezember\\\/#breadcrumb\"},\"inLanguage\":\"de\",\"potentialAction\":[{\"@type\":\"ReadAction\",\"target\":[\"https:\\\/\\\/blaskapelle-reelsen.de\\\/index.php\\\/20-dezember\\\/\"]}]},{\"@type\":\"BreadcrumbList\",\"@id\":\"https:\\\/\\\/blaskapelle-reelsen.de\\\/index.php\\\/20-dezember\\\/#breadcrumb\",\"itemListElement\":[{\"@type\":\"ListItem\",\"position\":1,\"name\":\"Home\",\"item\":\"https:\\\/\\\/blaskapelle-reelsen.de\\\/\"},{\"@type\":\"ListItem\",\"position\":2,\"name\":\"20. Dezember\"}]},{\"@type\":\"WebSite\",\"@id\":\"https:\\\/\\\/blaskapelle-reelsen.de\\\/#website\",\"url\":\"https:\\\/\\\/blaskapelle-reelsen.de\\\/\",\"name\":\"Blaskapelle Reelsen e.V.\",\"description\":\"wir l(i)eben Blasmusik - seit 1975\",\"publisher\":{\"@id\":\"https:\\\/\\\/blaskapelle-reelsen.de\\\/#organization\"},\"potentialAction\":[{\"@type\":\"SearchAction\",\"target\":{\"@type\":\"EntryPoint\",\"urlTemplate\":\"https:\\\/\\\/blaskapelle-reelsen.de\\\/?s={search_term_string}\"},\"query-input\":{\"@type\":\"PropertyValueSpecification\",\"valueRequired\":true,\"valueName\":\"search_term_string\"}}],\"inLanguage\":\"de\"},{\"@type\":\"Organization\",\"@id\":\"https:\\\/\\\/blaskapelle-reelsen.de\\\/#organization\",\"name\":\"Blaskapelle Reelsen e.V.\",\"url\":\"https:\\\/\\\/blaskapelle-reelsen.de\\\/\",\"logo\":{\"@type\":\"ImageObject\",\"inLanguage\":\"de\",\"@id\":\"https:\\\/\\\/blaskapelle-reelsen.de\\\/#\\\/schema\\\/logo\\\/image\\\/\",\"url\":\"https:\\\/\\\/blaskapelle-reelsen.de\\\/wordpress\\\/wp-content\\\/uploads\\\/2025\\\/03\\\/cropped-wappen-final.png\",\"contentUrl\":\"https:\\\/\\\/blaskapelle-reelsen.de\\\/wordpress\\\/wp-content\\\/uploads\\\/2025\\\/03\\\/cropped-wappen-final.png\",\"width\":184,\"height\":250,\"caption\":\"Blaskapelle Reelsen e.V.\"},\"image\":{\"@id\":\"https:\\\/\\\/blaskapelle-reelsen.de\\\/#\\\/schema\\\/logo\\\/image\\\/\"}}]}<\/script>\n<!-- \/ Yoast SEO plugin. -->","yoast_head_json":{"title":"20. Dezember - Blaskapelle Reelsen e.V.","robots":{"index":"index","follow":"follow","max-snippet":"max-snippet:-1","max-image-preview":"max-image-preview:large","max-video-preview":"max-video-preview:-1"},"canonical":"https:\/\/blaskapelle-reelsen.de\/index.php\/20-dezember\/","og_locale":"de_DE","og_type":"article","og_title":"20. Dezember - Blaskapelle Reelsen e.V.","og_description":"Willkommen beim digitalen Adventskalender der Blaskapelle Reelsen. Heute w\u00e4re unser diesj\u00e4hriges Weihnachtskonzert gewesen, was leider nicht stattfinden kann. Wir erinnern uns an viele stimmungsvolle Konzerte kurz vor Weihnachten, bei Kaffee, weihnachtlichem Geb\u00e4ck und vielen sch\u00f6nen Melodien. Oftmals waren die Kleinsten mit eingebunden oder wir erhielten Unterst\u00fctzung vom Langel\u00e4nder Chor. Vielen Dank auch f\u00fcr die gro\u00dfz\u00fcgigen &hellip; \u201e20. Dezember\u201c weiterlesen","og_url":"https:\/\/blaskapelle-reelsen.de\/index.php\/20-dezember\/","og_site_name":"Blaskapelle Reelsen e.V.","article_modified_time":"2022-12-29T12:13:56+00:00","twitter_card":"summary_large_image","twitter_misc":{"Gesch\u00e4tzte Lesezeit":"1\u00a0Minute"},"schema":{"@context":"https:\/\/schema.org","@graph":[{"@type":"WebPage","@id":"https:\/\/blaskapelle-reelsen.de\/index.php\/20-dezember\/","url":"https:\/\/blaskapelle-reelsen.de\/index.php\/20-dezember\/","name":"20. Dezember - Blaskapelle Reelsen e.V.","isPartOf":{"@id":"https:\/\/blaskapelle-reelsen.de\/#website"},"datePublished":"2020-12-02T18:29:46+00:00","dateModified":"2022-12-29T12:13:56+00:00","breadcrumb":{"@id":"https:\/\/blaskapelle-reelsen.de\/index.php\/20-dezember\/#breadcrumb"},"inLanguage":"de","potentialAction":[{"@type":"ReadAction","target":["https:\/\/blaskapelle-reelsen.de\/index.php\/20-dezember\/"]}]},{"@type":"BreadcrumbList","@id":"https:\/\/blaskapelle-reelsen.de\/index.php\/20-dezember\/#breadcrumb","itemListElement":[{"@type":"ListItem","position":1,"name":"Home","item":"https:\/\/blaskapelle-reelsen.de\/"},{"@type":"ListItem","position":2,"name":"20. Dezember"}]},{"@type":"WebSite","@id":"https:\/\/blaskapelle-reelsen.de\/#website","url":"https:\/\/blaskapelle-reelsen.de\/","name":"Blaskapelle Reelsen e.V.","description":"wir l(i)eben Blasmusik - seit 1975","publisher":{"@id":"https:\/\/blaskapelle-reelsen.de\/#organization"},"potentialAction":[{"@type":"SearchAction","target":{"@type":"EntryPoint","urlTemplate":"https:\/\/blaskapelle-reelsen.de\/?s={search_term_string}"},"query-input":{"@type":"PropertyValueSpecification","valueRequired":true,"valueName":"search_term_string"}}],"inLanguage":"de"},{"@type":"Organization","@id":"https:\/\/blaskapelle-reelsen.de\/#organization","name":"Blaskapelle Reelsen e.V.","url":"https:\/\/blaskapelle-reelsen.de\/","logo":{"@type":"ImageObject","inLanguage":"de","@id":"https:\/\/blaskapelle-reelsen.de\/#\/schema\/logo\/image\/","url":"https:\/\/blaskapelle-reelsen.de\/wordpress\/wp-content\/uploads\/2025\/03\/cropped-wappen-final.png","contentUrl":"https:\/\/blaskapelle-reelsen.de\/wordpress\/wp-content\/uploads\/2025\/03\/cropped-wappen-final.png","width":184,"height":250,"caption":"Blaskapelle Reelsen e.V."},"image":{"@id":"https:\/\/blaskapelle-reelsen.de\/#\/schema\/logo\/image\/"}}]}},"_links":{"self":[{"href":"https:\/\/blaskapelle-reelsen.de\/index.php\/wp-json\/wp\/v2\/pages\/884","targetHints":{"allow":["GET"]}}],"collection":[{"href":"https:\/\/blaskapelle-reelsen.de\/index.php\/wp-json\/wp\/v2\/pages"}],"about":[{"href":"https:\/\/blaskapelle-reelsen.de\/index.php\/wp-json\/wp\/v2\/types\/page"}],"author":[{"embeddable":true,"href":"https:\/\/blaskapelle-reelsen.de\/index.php\/wp-json\/wp\/v2\/users\/1"}],"replies":[{"embeddable":true,"href":"https:\/\/blaskapelle-reelsen.de\/index.php\/wp-json\/wp\/v2\/comments?post=884"}],"version-history":[{"count":13,"href":"https:\/\/blaskapelle-reelsen.de\/index.php\/wp-json\/wp\/v2\/pages\/884\/revisions"}],"predecessor-version":[{"id":1759,"href":"https:\/\/blaskapelle-reelsen.de\/index.php\/wp-json\/wp\/v2\/pages\/884\/revisions\/1759"}],"wp:attachment":[{"href":"https:\/\/blaskapelle-reelsen.de\/index.php\/wp-json\/wp\/v2\/media?parent=884"}],"curies":[{"name":"wp","href":"https:\/\/api.w.org\/{rel}","templated":true}]}}