{"id":653,"date":"2020-11-29T17:28:30","date_gmt":"2020-11-29T17:28:30","guid":{"rendered":"http:\/\/blaskapelle-reelsen.de\/?page_id=653"},"modified":"2022-12-29T13:10:42","modified_gmt":"2022-12-29T12:10:42","slug":"1-dezember-2020","status":"publish","type":"page","link":"https:\/\/blaskapelle-reelsen.de\/index.php\/1-dezember-2020\/","title":{"rendered":"1. Dezember"},"content":{"rendered":"\n<p>Willkommen beim digitalen Adventskalender der Blaskapelle Reelsen.<\/p>\n\n\n\n<p>Heute \u00f6ffnen wir schon unser erstes T\u00fcrchen mit einem kleinen Ausschnitt aus einer unserer Lieblingspolkas \u2013 Von Freund zu Freund. Leider ist das mit dem \u201evon Freund zu Freund\u201c ja im Moment nicht so einfach, aber wir hoffen sehr, dass wir euch im n\u00e4chsten Jahr alle gesund wieder treffen und dann auch wieder live f\u00fcr euch musizieren d\u00fcrfen.<\/p>\n\n\n\n<p>Wir sind schon ganz gespannt auf eure Reaktionen. Viel Freude beim Zuh\u00f6ren.<\/p>\n\n\n\n<figure class=\"wp-block-video\"><video height=\"1080\" style=\"aspect-ratio: 1920 \/ 1080;\" width=\"1920\" controls src=\"https:\/\/blaskapelle-reelsen.de\/wordpress\/wp-content\/uploads\/2020\/11\/Tuerchen-1.mov\"><\/video><\/figure>\n\n\n\n<p><\/p>\n\n\n\n<div class=\"wp-block-group\"><div class=\"wp-block-group__inner-container is-layout-flow wp-block-group-is-layout-flow\">\n<p><\/p>\n<\/div><\/div>\n\n\n\n<p><\/p>\n","protected":false},"excerpt":{"rendered":"<p>Willkommen beim digitalen Adventskalender der Blaskapelle Reelsen. Heute \u00f6ffnen wir schon unser erstes T\u00fcrchen mit einem kleinen Ausschnitt aus einer unserer Lieblingspolkas \u2013 Von Freund zu Freund. Leider ist das mit dem \u201evon Freund zu Freund\u201c ja im Moment nicht so einfach, aber wir hoffen sehr, dass wir euch im n\u00e4chsten Jahr alle gesund wieder &hellip; <\/p>\n<p class=\"link-more\"><a href=\"https:\/\/blaskapelle-reelsen.de\/index.php\/1-dezember-2020\/\" class=\"more-link\"><span class=\"screen-reader-text\">\u201e1. Dezember\u201c <\/span>weiterlesen<\/a><\/p>\n","protected":false},"author":1,"featured_media":0,"parent":0,"menu_order":0,"comment_status":"closed","ping_status":"closed","template":"","meta":{"footnotes":""},"class_list":["post-653","page","type-page","status-publish","hentry"],"yoast_head":"<!-- This site is optimized with the Yoast SEO plugin v27.5 - https:\/\/yoast.com\/product\/yoast-seo-wordpress\/ -->\n<title>1. Dezember - Blaskapelle Reelsen e.V.<\/title>\n<meta name=\"robots\" content=\"index, follow, max-snippet:-1, max-image-preview:large, max-video-preview:-1\" \/>\n<link rel=\"canonical\" href=\"https:\/\/blaskapelle-reelsen.de\/index.php\/1-dezember-2020\/\" \/>\n<meta property=\"og:locale\" content=\"de_DE\" \/>\n<meta property=\"og:type\" content=\"article\" \/>\n<meta property=\"og:title\" content=\"1. Dezember - Blaskapelle Reelsen e.V.\" \/>\n<meta property=\"og:description\" content=\"Willkommen beim digitalen Adventskalender der Blaskapelle Reelsen. Heute \u00f6ffnen wir schon unser erstes T\u00fcrchen mit einem kleinen Ausschnitt aus einer unserer Lieblingspolkas \u2013 Von Freund zu Freund. Leider ist das mit dem \u201evon Freund zu Freund\u201c ja im Moment nicht so einfach, aber wir hoffen sehr, dass wir euch im n\u00e4chsten Jahr alle gesund wieder &hellip; \u201e1. Dezember\u201c weiterlesen\" \/>\n<meta property=\"og:url\" content=\"https:\/\/blaskapelle-reelsen.de\/index.php\/1-dezember-2020\/\" \/>\n<meta property=\"og:site_name\" content=\"Blaskapelle Reelsen e.V.\" \/>\n<meta property=\"article:modified_time\" content=\"2022-12-29T12:10:42+00:00\" \/>\n<meta name=\"twitter:card\" content=\"summary_large_image\" \/>\n<meta name=\"twitter:label1\" content=\"Gesch\u00e4tzte Lesezeit\" \/>\n\t<meta name=\"twitter:data1\" content=\"1\u00a0Minute\" \/>\n<script type=\"application\/ld+json\" class=\"yoast-schema-graph\">{\"@context\":\"https:\\\/\\\/schema.org\",\"@graph\":[{\"@type\":\"WebPage\",\"@id\":\"https:\\\/\\\/blaskapelle-reelsen.de\\\/index.php\\\/1-dezember-2020\\\/\",\"url\":\"https:\\\/\\\/blaskapelle-reelsen.de\\\/index.php\\\/1-dezember-2020\\\/\",\"name\":\"1. Dezember - Blaskapelle Reelsen e.V.\",\"isPartOf\":{\"@id\":\"https:\\\/\\\/blaskapelle-reelsen.de\\\/#website\"},\"datePublished\":\"2020-11-29T17:28:30+00:00\",\"dateModified\":\"2022-12-29T12:10:42+00:00\",\"breadcrumb\":{\"@id\":\"https:\\\/\\\/blaskapelle-reelsen.de\\\/index.php\\\/1-dezember-2020\\\/#breadcrumb\"},\"inLanguage\":\"de\",\"potentialAction\":[{\"@type\":\"ReadAction\",\"target\":[\"https:\\\/\\\/blaskapelle-reelsen.de\\\/index.php\\\/1-dezember-2020\\\/\"]}]},{\"@type\":\"BreadcrumbList\",\"@id\":\"https:\\\/\\\/blaskapelle-reelsen.de\\\/index.php\\\/1-dezember-2020\\\/#breadcrumb\",\"itemListElement\":[{\"@type\":\"ListItem\",\"position\":1,\"name\":\"Home\",\"item\":\"https:\\\/\\\/blaskapelle-reelsen.de\\\/\"},{\"@type\":\"ListItem\",\"position\":2,\"name\":\"1. Dezember\"}]},{\"@type\":\"WebSite\",\"@id\":\"https:\\\/\\\/blaskapelle-reelsen.de\\\/#website\",\"url\":\"https:\\\/\\\/blaskapelle-reelsen.de\\\/\",\"name\":\"Blaskapelle Reelsen e.V.\",\"description\":\"wir l(i)eben Blasmusik - seit 1975\",\"publisher\":{\"@id\":\"https:\\\/\\\/blaskapelle-reelsen.de\\\/#organization\"},\"potentialAction\":[{\"@type\":\"SearchAction\",\"target\":{\"@type\":\"EntryPoint\",\"urlTemplate\":\"https:\\\/\\\/blaskapelle-reelsen.de\\\/?s={search_term_string}\"},\"query-input\":{\"@type\":\"PropertyValueSpecification\",\"valueRequired\":true,\"valueName\":\"search_term_string\"}}],\"inLanguage\":\"de\"},{\"@type\":\"Organization\",\"@id\":\"https:\\\/\\\/blaskapelle-reelsen.de\\\/#organization\",\"name\":\"Blaskapelle Reelsen e.V.\",\"url\":\"https:\\\/\\\/blaskapelle-reelsen.de\\\/\",\"logo\":{\"@type\":\"ImageObject\",\"inLanguage\":\"de\",\"@id\":\"https:\\\/\\\/blaskapelle-reelsen.de\\\/#\\\/schema\\\/logo\\\/image\\\/\",\"url\":\"https:\\\/\\\/blaskapelle-reelsen.de\\\/wordpress\\\/wp-content\\\/uploads\\\/2025\\\/03\\\/cropped-wappen-final.png\",\"contentUrl\":\"https:\\\/\\\/blaskapelle-reelsen.de\\\/wordpress\\\/wp-content\\\/uploads\\\/2025\\\/03\\\/cropped-wappen-final.png\",\"width\":184,\"height\":250,\"caption\":\"Blaskapelle Reelsen e.V.\"},\"image\":{\"@id\":\"https:\\\/\\\/blaskapelle-reelsen.de\\\/#\\\/schema\\\/logo\\\/image\\\/\"}}]}<\/script>\n<!-- \/ Yoast SEO plugin. -->","yoast_head_json":{"title":"1. Dezember - Blaskapelle Reelsen e.V.","robots":{"index":"index","follow":"follow","max-snippet":"max-snippet:-1","max-image-preview":"max-image-preview:large","max-video-preview":"max-video-preview:-1"},"canonical":"https:\/\/blaskapelle-reelsen.de\/index.php\/1-dezember-2020\/","og_locale":"de_DE","og_type":"article","og_title":"1. Dezember - Blaskapelle Reelsen e.V.","og_description":"Willkommen beim digitalen Adventskalender der Blaskapelle Reelsen. Heute \u00f6ffnen wir schon unser erstes T\u00fcrchen mit einem kleinen Ausschnitt aus einer unserer Lieblingspolkas \u2013 Von Freund zu Freund. Leider ist das mit dem \u201evon Freund zu Freund\u201c ja im Moment nicht so einfach, aber wir hoffen sehr, dass wir euch im n\u00e4chsten Jahr alle gesund wieder &hellip; \u201e1. Dezember\u201c weiterlesen","og_url":"https:\/\/blaskapelle-reelsen.de\/index.php\/1-dezember-2020\/","og_site_name":"Blaskapelle Reelsen e.V.","article_modified_time":"2022-12-29T12:10:42+00:00","twitter_card":"summary_large_image","twitter_misc":{"Gesch\u00e4tzte Lesezeit":"1\u00a0Minute"},"schema":{"@context":"https:\/\/schema.org","@graph":[{"@type":"WebPage","@id":"https:\/\/blaskapelle-reelsen.de\/index.php\/1-dezember-2020\/","url":"https:\/\/blaskapelle-reelsen.de\/index.php\/1-dezember-2020\/","name":"1. Dezember - Blaskapelle Reelsen e.V.","isPartOf":{"@id":"https:\/\/blaskapelle-reelsen.de\/#website"},"datePublished":"2020-11-29T17:28:30+00:00","dateModified":"2022-12-29T12:10:42+00:00","breadcrumb":{"@id":"https:\/\/blaskapelle-reelsen.de\/index.php\/1-dezember-2020\/#breadcrumb"},"inLanguage":"de","potentialAction":[{"@type":"ReadAction","target":["https:\/\/blaskapelle-reelsen.de\/index.php\/1-dezember-2020\/"]}]},{"@type":"BreadcrumbList","@id":"https:\/\/blaskapelle-reelsen.de\/index.php\/1-dezember-2020\/#breadcrumb","itemListElement":[{"@type":"ListItem","position":1,"name":"Home","item":"https:\/\/blaskapelle-reelsen.de\/"},{"@type":"ListItem","position":2,"name":"1. Dezember"}]},{"@type":"WebSite","@id":"https:\/\/blaskapelle-reelsen.de\/#website","url":"https:\/\/blaskapelle-reelsen.de\/","name":"Blaskapelle Reelsen e.V.","description":"wir l(i)eben Blasmusik - seit 1975","publisher":{"@id":"https:\/\/blaskapelle-reelsen.de\/#organization"},"potentialAction":[{"@type":"SearchAction","target":{"@type":"EntryPoint","urlTemplate":"https:\/\/blaskapelle-reelsen.de\/?s={search_term_string}"},"query-input":{"@type":"PropertyValueSpecification","valueRequired":true,"valueName":"search_term_string"}}],"inLanguage":"de"},{"@type":"Organization","@id":"https:\/\/blaskapelle-reelsen.de\/#organization","name":"Blaskapelle Reelsen e.V.","url":"https:\/\/blaskapelle-reelsen.de\/","logo":{"@type":"ImageObject","inLanguage":"de","@id":"https:\/\/blaskapelle-reelsen.de\/#\/schema\/logo\/image\/","url":"https:\/\/blaskapelle-reelsen.de\/wordpress\/wp-content\/uploads\/2025\/03\/cropped-wappen-final.png","contentUrl":"https:\/\/blaskapelle-reelsen.de\/wordpress\/wp-content\/uploads\/2025\/03\/cropped-wappen-final.png","width":184,"height":250,"caption":"Blaskapelle Reelsen e.V."},"image":{"@id":"https:\/\/blaskapelle-reelsen.de\/#\/schema\/logo\/image\/"}}]}},"_links":{"self":[{"href":"https:\/\/blaskapelle-reelsen.de\/index.php\/wp-json\/wp\/v2\/pages\/653","targetHints":{"allow":["GET"]}}],"collection":[{"href":"https:\/\/blaskapelle-reelsen.de\/index.php\/wp-json\/wp\/v2\/pages"}],"about":[{"href":"https:\/\/blaskapelle-reelsen.de\/index.php\/wp-json\/wp\/v2\/types\/page"}],"author":[{"embeddable":true,"href":"https:\/\/blaskapelle-reelsen.de\/index.php\/wp-json\/wp\/v2\/users\/1"}],"replies":[{"embeddable":true,"href":"https:\/\/blaskapelle-reelsen.de\/index.php\/wp-json\/wp\/v2\/comments?post=653"}],"version-history":[{"count":11,"href":"https:\/\/blaskapelle-reelsen.de\/index.php\/wp-json\/wp\/v2\/pages\/653\/revisions"}],"predecessor-version":[{"id":1756,"href":"https:\/\/blaskapelle-reelsen.de\/index.php\/wp-json\/wp\/v2\/pages\/653\/revisions\/1756"}],"wp:attachment":[{"href":"https:\/\/blaskapelle-reelsen.de\/index.php\/wp-json\/wp\/v2\/media?parent=653"}],"curies":[{"name":"wp","href":"https:\/\/api.w.org\/{rel}","templated":true}]}}